{"id":491,"date":"2024-08-29T12:33:51","date_gmt":"2024-08-29T10:33:51","guid":{"rendered":"https:\/\/horizon-et-trajectoires.fr\/?page_id=491"},"modified":"2024-08-29T13:12:23","modified_gmt":"2024-08-29T11:12:23","slug":"prestations","status":"publish","type":"page","link":"https:\/\/horizon-et-trajectoires.fr\/?page_id=491","title":{"rendered":"Mes prestations"},"content":{"rendered":"\n<h2 class=\"wp-block-heading\"><\/h2>\n\n\n\n<div class=\"wp-block-columns is-layout-flex wp-container-4 wp-block-columns-is-layout-flex\">\n<div class=\"wp-block-column is-layout-flow wp-block-column-is-layout-flow\">\n<h3 class=\"wp-block-heading has-text-align-center\"><a href=\"http:\/\/horizon-et-trajectoires.fr\/?page_id=251\">Coaching professionnel<\/a><\/h3>\n\n\n\n<ul>\n<li>Accompagnement des managers dans les entreprises<\/li>\n\n\n\n<li>Accompagnement des \u00e9quipes dans la coh\u00e9sion et la dynamisation de leur actions<\/li>\n\n\n\n<li>Accompagnement des organisations dans leur transformation<\/li>\n<\/ul>\n<\/div>\n\n\n\n<div class=\"wp-block-column is-layout-flow wp-block-column-is-layout-flow\">\n<h3 class=\"wp-block-heading has-text-align-center\"><a href=\"http:\/\/horizon-et-trajectoires.fr\/?page_id=249\">Consulting<\/a><\/h3>\n\n\n\n<ul>\n<li>Conseil \u00e0 la fonction d&rsquo;encadrement dans les \u00e9tablissements socio et m\u00e9dico-sociaux<\/li>\n<\/ul>\n\n\n\n<ul>\n<li>Conseil aux \u00e9quipes<\/li>\n<\/ul>\n\n\n\n<ul>\n<li>Conseil aux \u00e9tablissements<\/li>\n<\/ul>\n<\/div>\n\n\n\n<div class=\"wp-block-column is-layout-flow wp-block-column-is-layout-flow\">\n<h3 class=\"wp-block-heading has-text-align-center\"><a href=\"http:\/\/horizon-et-trajectoires.fr\/?page_id=250\">Management de transition<\/a><\/h3>\n\n\n\n<ul>\n<li>Mission de remplacement des cadres interm\u00e9diaires<\/li>\n\n\n\n<li>Mission de remplacement des cadres interm\u00e9diaires<\/li>\n\n\n\n<li>Elaboration, construction, r\u00e9orientation du projet de service<\/li>\n<\/ul>\n<\/div>\n<\/div>\n\n\n\n<div class=\"wp-block-columns is-layout-flex wp-container-5 wp-block-columns-is-layout-flex\"><\/div>\n","protected":false},"excerpt":{"rendered":"<p>Coaching professionnel Consulting Management de transition<\/p>\n","protected":false},"author":1,"featured_media":412,"parent":0,"menu_order":0,"comment_status":"closed","ping_status":"closed","template":"","meta":{"footnotes":""},"yoast_head":"<!-- This site is optimized with the Yoast SEO plugin v21.0 - https:\/\/yoast.com\/wordpress\/plugins\/seo\/ -->\n<title>Mes prestations - Horizon&amp;Trajectoires<\/title>\n<meta name=\"robots\" content=\"index, follow, max-snippet:-1, max-image-preview:large, max-video-preview:-1\" \/>\n<link rel=\"canonical\" href=\"https:\/\/horizon-et-trajectoires.fr\/?page_id=491\" \/>\n<meta property=\"og:locale\" content=\"fr_FR\" \/>\n<meta property=\"og:type\" content=\"article\" \/>\n<meta property=\"og:title\" content=\"Mes prestations - Horizon&amp;Trajectoires\" \/>\n<meta property=\"og:description\" content=\"Coaching professionnel Consulting Management de transition\" \/>\n<meta property=\"og:url\" content=\"https:\/\/horizon-et-trajectoires.fr\/?page_id=491\" \/>\n<meta property=\"og:site_name\" content=\"Horizon&amp;Trajectoires\" \/>\n<meta property=\"article:modified_time\" content=\"2024-08-29T11:12:23+00:00\" \/>\n<meta property=\"og:image\" content=\"https:\/\/horizon-et-trajectoires.fr\/wp-content\/uploads\/2023\/12\/image-qui-suis-je-bis-768x1024.png\" \/>\n\t<meta property=\"og:image:width\" content=\"768\" \/>\n\t<meta property=\"og:image:height\" content=\"1024\" \/>\n\t<meta property=\"og:image:type\" content=\"image\/png\" \/>\n<meta name=\"twitter:card\" content=\"summary_large_image\" \/>\n<meta name=\"twitter:label1\" content=\"Dur\u00e9e de lecture estim\u00e9e\" \/>\n\t<meta name=\"twitter:data1\" content=\"1 minute\" \/>\n<script type=\"application\/ld+json\" class=\"yoast-schema-graph\">{\"@context\":\"https:\/\/schema.org\",\"@graph\":[{\"@type\":\"WebPage\",\"@id\":\"https:\/\/horizon-et-trajectoires.fr\/?page_id=491\",\"url\":\"https:\/\/horizon-et-trajectoires.fr\/?page_id=491\",\"name\":\"Mes prestations - Horizon&amp;Trajectoires\",\"isPartOf\":{\"@id\":\"https:\/\/horizon-et-trajectoires.fr\/#website\"},\"datePublished\":\"2024-08-29T10:33:51+00:00\",\"dateModified\":\"2024-08-29T11:12:23+00:00\",\"breadcrumb\":{\"@id\":\"https:\/\/horizon-et-trajectoires.fr\/?page_id=491#breadcrumb\"},\"inLanguage\":\"fr-FR\",\"potentialAction\":[{\"@type\":\"ReadAction\",\"target\":[\"https:\/\/horizon-et-trajectoires.fr\/?page_id=491\"]}]},{\"@type\":\"BreadcrumbList\",\"@id\":\"https:\/\/horizon-et-trajectoires.fr\/?page_id=491#breadcrumb\",\"itemListElement\":[{\"@type\":\"ListItem\",\"position\":1,\"name\":\"Accueil\",\"item\":\"https:\/\/horizon-et-trajectoires.fr\/\"},{\"@type\":\"ListItem\",\"position\":2,\"name\":\"Mes prestations\"}]},{\"@type\":\"WebSite\",\"@id\":\"https:\/\/horizon-et-trajectoires.fr\/#website\",\"url\":\"https:\/\/horizon-et-trajectoires.fr\/\",\"name\":\"Horizon&amp;Trajectoires\",\"description\":\"Bonjour, je m&#039;appelle Laurent MONTY, j&#039;exerce plusieurs m\u00e9tiers autour l&#039;accompagnement comme le coaching professionnel, le consulting et le management de transition.\",\"publisher\":{\"@id\":\"https:\/\/horizon-et-trajectoires.fr\/#organization\"},\"potentialAction\":[{\"@type\":\"SearchAction\",\"target\":{\"@type\":\"EntryPoint\",\"urlTemplate\":\"https:\/\/horizon-et-trajectoires.fr\/?s={search_term_string}\"},\"query-input\":\"required name=search_term_string\"}],\"inLanguage\":\"fr-FR\"},{\"@type\":\"Organization\",\"@id\":\"https:\/\/horizon-et-trajectoires.fr\/#organization\",\"name\":\"Horizon&amp;Trajectoires\",\"url\":\"https:\/\/horizon-et-trajectoires.fr\/\",\"logo\":{\"@type\":\"ImageObject\",\"inLanguage\":\"fr-FR\",\"@id\":\"https:\/\/horizon-et-trajectoires.fr\/#\/schema\/logo\/image\/\",\"url\":\"https:\/\/horizon-et-trajectoires.fr\/wp-content\/uploads\/2023\/08\/LinkedIn-Logo.png\",\"contentUrl\":\"https:\/\/horizon-et-trajectoires.fr\/wp-content\/uploads\/2023\/08\/LinkedIn-Logo.png\",\"width\":1250,\"height\":1250,\"caption\":\"Horizon&amp;Trajectoires\"},\"image\":{\"@id\":\"https:\/\/horizon-et-trajectoires.fr\/#\/schema\/logo\/image\/\"}}]}<\/script>\n<!-- \/ Yoast SEO plugin. -->","yoast_head_json":{"title":"Mes prestations - Horizon&amp;Trajectoires","robots":{"index":"index","follow":"follow","max-snippet":"max-snippet:-1","max-image-preview":"max-image-preview:large","max-video-preview":"max-video-preview:-1"},"canonical":"https:\/\/horizon-et-trajectoires.fr\/?page_id=491","og_locale":"fr_FR","og_type":"article","og_title":"Mes prestations - Horizon&amp;Trajectoires","og_description":"Coaching professionnel Consulting Management de transition","og_url":"https:\/\/horizon-et-trajectoires.fr\/?page_id=491","og_site_name":"Horizon&amp;Trajectoires","article_modified_time":"2024-08-29T11:12:23+00:00","og_image":[{"width":768,"height":1024,"url":"https:\/\/horizon-et-trajectoires.fr\/wp-content\/uploads\/2023\/12\/image-qui-suis-je-bis-768x1024.png","type":"image\/png"}],"twitter_card":"summary_large_image","twitter_misc":{"Dur\u00e9e de lecture estim\u00e9e":"1 minute"},"schema":{"@context":"https:\/\/schema.org","@graph":[{"@type":"WebPage","@id":"https:\/\/horizon-et-trajectoires.fr\/?page_id=491","url":"https:\/\/horizon-et-trajectoires.fr\/?page_id=491","name":"Mes prestations - Horizon&amp;Trajectoires","isPartOf":{"@id":"https:\/\/horizon-et-trajectoires.fr\/#website"},"datePublished":"2024-08-29T10:33:51+00:00","dateModified":"2024-08-29T11:12:23+00:00","breadcrumb":{"@id":"https:\/\/horizon-et-trajectoires.fr\/?page_id=491#breadcrumb"},"inLanguage":"fr-FR","potentialAction":[{"@type":"ReadAction","target":["https:\/\/horizon-et-trajectoires.fr\/?page_id=491"]}]},{"@type":"BreadcrumbList","@id":"https:\/\/horizon-et-trajectoires.fr\/?page_id=491#breadcrumb","itemListElement":[{"@type":"ListItem","position":1,"name":"Accueil","item":"https:\/\/horizon-et-trajectoires.fr\/"},{"@type":"ListItem","position":2,"name":"Mes prestations"}]},{"@type":"WebSite","@id":"https:\/\/horizon-et-trajectoires.fr\/#website","url":"https:\/\/horizon-et-trajectoires.fr\/","name":"Horizon&amp;Trajectoires","description":"Bonjour, je m&#039;appelle Laurent MONTY, j&#039;exerce plusieurs m\u00e9tiers autour l&#039;accompagnement comme le coaching professionnel, le consulting et le management de transition.","publisher":{"@id":"https:\/\/horizon-et-trajectoires.fr\/#organization"},"potentialAction":[{"@type":"SearchAction","target":{"@type":"EntryPoint","urlTemplate":"https:\/\/horizon-et-trajectoires.fr\/?s={search_term_string}"},"query-input":"required name=search_term_string"}],"inLanguage":"fr-FR"},{"@type":"Organization","@id":"https:\/\/horizon-et-trajectoires.fr\/#organization","name":"Horizon&amp;Trajectoires","url":"https:\/\/horizon-et-trajectoires.fr\/","logo":{"@type":"ImageObject","inLanguage":"fr-FR","@id":"https:\/\/horizon-et-trajectoires.fr\/#\/schema\/logo\/image\/","url":"https:\/\/horizon-et-trajectoires.fr\/wp-content\/uploads\/2023\/08\/LinkedIn-Logo.png","contentUrl":"https:\/\/horizon-et-trajectoires.fr\/wp-content\/uploads\/2023\/08\/LinkedIn-Logo.png","width":1250,"height":1250,"caption":"Horizon&amp;Trajectoires"},"image":{"@id":"https:\/\/horizon-et-trajectoires.fr\/#\/schema\/logo\/image\/"}}]}},"_links":{"self":[{"href":"https:\/\/horizon-et-trajectoires.fr\/index.php?rest_route=\/wp\/v2\/pages\/491"}],"collection":[{"href":"https:\/\/horizon-et-trajectoires.fr\/index.php?rest_route=\/wp\/v2\/pages"}],"about":[{"href":"https:\/\/horizon-et-trajectoires.fr\/index.php?rest_route=\/wp\/v2\/types\/page"}],"author":[{"embeddable":true,"href":"https:\/\/horizon-et-trajectoires.fr\/index.php?rest_route=\/wp\/v2\/users\/1"}],"replies":[{"embeddable":true,"href":"https:\/\/horizon-et-trajectoires.fr\/index.php?rest_route=%2Fwp%2Fv2%2Fcomments&post=491"}],"version-history":[{"count":12,"href":"https:\/\/horizon-et-trajectoires.fr\/index.php?rest_route=\/wp\/v2\/pages\/491\/revisions"}],"predecessor-version":[{"id":512,"href":"https:\/\/horizon-et-trajectoires.fr\/index.php?rest_route=\/wp\/v2\/pages\/491\/revisions\/512"}],"wp:featuredmedia":[{"embeddable":true,"href":"https:\/\/horizon-et-trajectoires.fr\/index.php?rest_route=\/wp\/v2\/media\/412"}],"wp:attachment":[{"href":"https:\/\/horizon-et-trajectoires.fr\/index.php?rest_route=%2Fwp%2Fv2%2Fmedia&parent=491"}],"curies":[{"name":"wp","href":"https:\/\/api.w.org\/{rel}","templated":true}]}}