{"id":250,"date":"2023-08-23T12:15:41","date_gmt":"2023-08-23T10:15:41","guid":{"rendered":"https:\/\/horizon-et-trajectoires.fr\/?page_id=250"},"modified":"2023-12-16T11:27:03","modified_gmt":"2023-12-16T10:27:03","slug":"management-de-transition","status":"publish","type":"page","link":"https:\/\/horizon-et-trajectoires.fr\/?page_id=250","title":{"rendered":"Management de transition"},"content":{"rendered":"\n<h5 class=\"wp-block-heading\">Assurer des missions de remplacement <\/h5>\n\n\n\n<p>J&rsquo;interviens sur une p\u00e9riode donn\u00e9e pour pallier \u00e0 une absence qui peut \u00eatre pr\u00e9judiciable \u00e0 court terme. En tant que manager, j&rsquo;effectue ainsi la transition afin d&rsquo;assurer la continuit\u00e9 des actions en \u00e9tant garant d&rsquo;un cadre de fonctionnement. <\/p>\n\n\n\n<h5 class=\"wp-block-heading\">Gestion d&rsquo;une situation de crise dans un \u00e9tablissement ou un service <\/h5>\n\n\n\n<p>Dans des contextes de fortes tensions internes ou externes, je mets en place des outils et des m\u00e9thodes d&rsquo;analyse partag\u00e9e avec un plan d&rsquo;am\u00e9lioration. Je mobilise ainsi tous les acteurs afin de r\u00e9pondre aux situations probl\u00e9matiques dans les d\u00e9lais impartis (court et moyen terme). <\/p>\n\n\n\n<h5 class=\"wp-block-heading\">Cr\u00e9ation d&rsquo;un nouveau service avec une nouvelle \u00e9quipe et un nouveau projet <\/h5>\n\n\n\n<p>Port\u00e9 par les enjeux de sens, j&rsquo;agis de mani\u00e8re pragmatique afin de faciliter la mise en \u0153uvre d&rsquo;un nouveau projet et de nouvelles actions. Je cr\u00e9e les conditions de relations de confiance entre les membres de l&rsquo;\u00e9quipe pour amener progressivement une dynamique de travail collectif constructive. <\/p>\n\n\n\n<h5 class=\"wp-block-heading\">Transformation d&rsquo;une organisation <\/h5>\n\n\n\n<p>J&rsquo;identifie rapidement le contexte, la culture d&rsquo;entreprise et les enjeux pour accompagner le changement en faisant preuve d&rsquo;intelligence de situation. Je mets en valeur les r\u00e9alisations et je fais \u00e9merger les forces en pr\u00e9sence qui permettent d&rsquo;engager des actions correctives. En int\u00e9grant les diff\u00e9rents niveaux d&rsquo;acteurs et en installant des nouvelles modalit\u00e9s de fonctionnement je les am\u00e8ne \u00e0 construire une vision commune.<\/p>\n","protected":false},"excerpt":{"rendered":"<p>Assurer des missions de remplacement J&rsquo;interviens sur une p\u00e9riode donn\u00e9e pour pallier \u00e0 une absence qui peut \u00eatre pr\u00e9judiciable \u00e0 court terme. En tant que manager, j&rsquo;effectue ainsi la transition afin d&rsquo;assurer la continuit\u00e9 des actions en \u00e9tant garant d&rsquo;un cadre de fonctionnement. Gestion d&rsquo;une situation de crise dans un [&hellip;]<\/p>\n","protected":false},"author":1,"featured_media":418,"parent":0,"menu_order":0,"comment_status":"closed","ping_status":"closed","template":"","meta":{"footnotes":""},"yoast_head":"<!-- This site is optimized with the Yoast SEO plugin v21.0 - https:\/\/yoast.com\/wordpress\/plugins\/seo\/ -->\n<title>Management de transition - Horizon&amp;Trajectoires<\/title>\n<meta name=\"robots\" content=\"index, follow, max-snippet:-1, max-image-preview:large, max-video-preview:-1\" \/>\n<link rel=\"canonical\" href=\"https:\/\/horizon-et-trajectoires.fr\/?page_id=250\" \/>\n<meta property=\"og:locale\" content=\"fr_FR\" \/>\n<meta property=\"og:type\" content=\"article\" \/>\n<meta property=\"og:title\" content=\"Management de transition - Horizon&amp;Trajectoires\" \/>\n<meta property=\"og:description\" content=\"Assurer des missions de remplacement J&rsquo;interviens sur une p\u00e9riode donn\u00e9e pour pallier \u00e0 une absence qui peut \u00eatre pr\u00e9judiciable \u00e0 court terme. En tant que manager, j&rsquo;effectue ainsi la transition afin d&rsquo;assurer la continuit\u00e9 des actions en \u00e9tant garant d&rsquo;un cadre de fonctionnement. Gestion d&rsquo;une situation de crise dans un [&hellip;]\" \/>\n<meta property=\"og:url\" content=\"https:\/\/horizon-et-trajectoires.fr\/?page_id=250\" \/>\n<meta property=\"og:site_name\" content=\"Horizon&amp;Trajectoires\" \/>\n<meta property=\"article:modified_time\" content=\"2023-12-16T10:27:03+00:00\" \/>\n<meta property=\"og:image\" content=\"https:\/\/horizon-et-trajectoires.fr\/wp-content\/uploads\/2023\/12\/telechargement.jpeg\" \/>\n\t<meta property=\"og:image:width\" content=\"296\" \/>\n\t<meta property=\"og:image:height\" content=\"170\" \/>\n\t<meta property=\"og:image:type\" content=\"image\/jpeg\" \/>\n<meta name=\"twitter:card\" content=\"summary_large_image\" \/>\n<meta name=\"twitter:label1\" content=\"Dur\u00e9e de lecture estim\u00e9e\" \/>\n\t<meta name=\"twitter:data1\" content=\"2 minutes\" \/>\n<script type=\"application\/ld+json\" class=\"yoast-schema-graph\">{\"@context\":\"https:\/\/schema.org\",\"@graph\":[{\"@type\":\"WebPage\",\"@id\":\"https:\/\/horizon-et-trajectoires.fr\/?page_id=250\",\"url\":\"https:\/\/horizon-et-trajectoires.fr\/?page_id=250\",\"name\":\"Management de transition - Horizon&amp;Trajectoires\",\"isPartOf\":{\"@id\":\"https:\/\/horizon-et-trajectoires.fr\/#website\"},\"datePublished\":\"2023-08-23T10:15:41+00:00\",\"dateModified\":\"2023-12-16T10:27:03+00:00\",\"breadcrumb\":{\"@id\":\"https:\/\/horizon-et-trajectoires.fr\/?page_id=250#breadcrumb\"},\"inLanguage\":\"fr-FR\",\"potentialAction\":[{\"@type\":\"ReadAction\",\"target\":[\"https:\/\/horizon-et-trajectoires.fr\/?page_id=250\"]}]},{\"@type\":\"BreadcrumbList\",\"@id\":\"https:\/\/horizon-et-trajectoires.fr\/?page_id=250#breadcrumb\",\"itemListElement\":[{\"@type\":\"ListItem\",\"position\":1,\"name\":\"Accueil\",\"item\":\"https:\/\/horizon-et-trajectoires.fr\/\"},{\"@type\":\"ListItem\",\"position\":2,\"name\":\"Management de transition\"}]},{\"@type\":\"WebSite\",\"@id\":\"https:\/\/horizon-et-trajectoires.fr\/#website\",\"url\":\"https:\/\/horizon-et-trajectoires.fr\/\",\"name\":\"Horizon&amp;Trajectoires\",\"description\":\"Bonjour, je m&#039;appelle Laurent MONTY, j&#039;exerce plusieurs m\u00e9tiers autour l&#039;accompagnement comme le coaching professionnel, le consulting et le management de transition.\",\"publisher\":{\"@id\":\"https:\/\/horizon-et-trajectoires.fr\/#organization\"},\"potentialAction\":[{\"@type\":\"SearchAction\",\"target\":{\"@type\":\"EntryPoint\",\"urlTemplate\":\"https:\/\/horizon-et-trajectoires.fr\/?s={search_term_string}\"},\"query-input\":\"required name=search_term_string\"}],\"inLanguage\":\"fr-FR\"},{\"@type\":\"Organization\",\"@id\":\"https:\/\/horizon-et-trajectoires.fr\/#organization\",\"name\":\"Horizon&amp;Trajectoires\",\"url\":\"https:\/\/horizon-et-trajectoires.fr\/\",\"logo\":{\"@type\":\"ImageObject\",\"inLanguage\":\"fr-FR\",\"@id\":\"https:\/\/horizon-et-trajectoires.fr\/#\/schema\/logo\/image\/\",\"url\":\"https:\/\/horizon-et-trajectoires.fr\/wp-content\/uploads\/2023\/08\/LinkedIn-Logo.png\",\"contentUrl\":\"https:\/\/horizon-et-trajectoires.fr\/wp-content\/uploads\/2023\/08\/LinkedIn-Logo.png\",\"width\":1250,\"height\":1250,\"caption\":\"Horizon&amp;Trajectoires\"},\"image\":{\"@id\":\"https:\/\/horizon-et-trajectoires.fr\/#\/schema\/logo\/image\/\"}}]}<\/script>\n<!-- \/ Yoast SEO plugin. -->","yoast_head_json":{"title":"Management de transition - Horizon&amp;Trajectoires","robots":{"index":"index","follow":"follow","max-snippet":"max-snippet:-1","max-image-preview":"max-image-preview:large","max-video-preview":"max-video-preview:-1"},"canonical":"https:\/\/horizon-et-trajectoires.fr\/?page_id=250","og_locale":"fr_FR","og_type":"article","og_title":"Management de transition - Horizon&amp;Trajectoires","og_description":"Assurer des missions de remplacement J&rsquo;interviens sur une p\u00e9riode donn\u00e9e pour pallier \u00e0 une absence qui peut \u00eatre pr\u00e9judiciable \u00e0 court terme. En tant que manager, j&rsquo;effectue ainsi la transition afin d&rsquo;assurer la continuit\u00e9 des actions en \u00e9tant garant d&rsquo;un cadre de fonctionnement. Gestion d&rsquo;une situation de crise dans un [&hellip;]","og_url":"https:\/\/horizon-et-trajectoires.fr\/?page_id=250","og_site_name":"Horizon&amp;Trajectoires","article_modified_time":"2023-12-16T10:27:03+00:00","og_image":[{"width":296,"height":170,"url":"https:\/\/horizon-et-trajectoires.fr\/wp-content\/uploads\/2023\/12\/telechargement.jpeg","type":"image\/jpeg"}],"twitter_card":"summary_large_image","twitter_misc":{"Dur\u00e9e de lecture estim\u00e9e":"2 minutes"},"schema":{"@context":"https:\/\/schema.org","@graph":[{"@type":"WebPage","@id":"https:\/\/horizon-et-trajectoires.fr\/?page_id=250","url":"https:\/\/horizon-et-trajectoires.fr\/?page_id=250","name":"Management de transition - Horizon&amp;Trajectoires","isPartOf":{"@id":"https:\/\/horizon-et-trajectoires.fr\/#website"},"datePublished":"2023-08-23T10:15:41+00:00","dateModified":"2023-12-16T10:27:03+00:00","breadcrumb":{"@id":"https:\/\/horizon-et-trajectoires.fr\/?page_id=250#breadcrumb"},"inLanguage":"fr-FR","potentialAction":[{"@type":"ReadAction","target":["https:\/\/horizon-et-trajectoires.fr\/?page_id=250"]}]},{"@type":"BreadcrumbList","@id":"https:\/\/horizon-et-trajectoires.fr\/?page_id=250#breadcrumb","itemListElement":[{"@type":"ListItem","position":1,"name":"Accueil","item":"https:\/\/horizon-et-trajectoires.fr\/"},{"@type":"ListItem","position":2,"name":"Management de transition"}]},{"@type":"WebSite","@id":"https:\/\/horizon-et-trajectoires.fr\/#website","url":"https:\/\/horizon-et-trajectoires.fr\/","name":"Horizon&amp;Trajectoires","description":"Bonjour, je m&#039;appelle Laurent MONTY, j&#039;exerce plusieurs m\u00e9tiers autour l&#039;accompagnement comme le coaching professionnel, le consulting et le management de transition.","publisher":{"@id":"https:\/\/horizon-et-trajectoires.fr\/#organization"},"potentialAction":[{"@type":"SearchAction","target":{"@type":"EntryPoint","urlTemplate":"https:\/\/horizon-et-trajectoires.fr\/?s={search_term_string}"},"query-input":"required name=search_term_string"}],"inLanguage":"fr-FR"},{"@type":"Organization","@id":"https:\/\/horizon-et-trajectoires.fr\/#organization","name":"Horizon&amp;Trajectoires","url":"https:\/\/horizon-et-trajectoires.fr\/","logo":{"@type":"ImageObject","inLanguage":"fr-FR","@id":"https:\/\/horizon-et-trajectoires.fr\/#\/schema\/logo\/image\/","url":"https:\/\/horizon-et-trajectoires.fr\/wp-content\/uploads\/2023\/08\/LinkedIn-Logo.png","contentUrl":"https:\/\/horizon-et-trajectoires.fr\/wp-content\/uploads\/2023\/08\/LinkedIn-Logo.png","width":1250,"height":1250,"caption":"Horizon&amp;Trajectoires"},"image":{"@id":"https:\/\/horizon-et-trajectoires.fr\/#\/schema\/logo\/image\/"}}]}},"_links":{"self":[{"href":"https:\/\/horizon-et-trajectoires.fr\/index.php?rest_route=\/wp\/v2\/pages\/250"}],"collection":[{"href":"https:\/\/horizon-et-trajectoires.fr\/index.php?rest_route=\/wp\/v2\/pages"}],"about":[{"href":"https:\/\/horizon-et-trajectoires.fr\/index.php?rest_route=\/wp\/v2\/types\/page"}],"author":[{"embeddable":true,"href":"https:\/\/horizon-et-trajectoires.fr\/index.php?rest_route=\/wp\/v2\/users\/1"}],"replies":[{"embeddable":true,"href":"https:\/\/horizon-et-trajectoires.fr\/index.php?rest_route=%2Fwp%2Fv2%2Fcomments&post=250"}],"version-history":[{"count":7,"href":"https:\/\/horizon-et-trajectoires.fr\/index.php?rest_route=\/wp\/v2\/pages\/250\/revisions"}],"predecessor-version":[{"id":402,"href":"https:\/\/horizon-et-trajectoires.fr\/index.php?rest_route=\/wp\/v2\/pages\/250\/revisions\/402"}],"wp:featuredmedia":[{"embeddable":true,"href":"https:\/\/horizon-et-trajectoires.fr\/index.php?rest_route=\/wp\/v2\/media\/418"}],"wp:attachment":[{"href":"https:\/\/horizon-et-trajectoires.fr\/index.php?rest_route=%2Fwp%2Fv2%2Fmedia&parent=250"}],"curies":[{"name":"wp","href":"https:\/\/api.w.org\/{rel}","templated":true}]}}