{"id":249,"date":"2023-08-23T12:15:41","date_gmt":"2023-08-23T10:15:41","guid":{"rendered":"https:\/\/horizon-et-trajectoires.fr\/?page_id=249"},"modified":"2024-08-29T12:28:16","modified_gmt":"2024-08-29T10:28:16","slug":"consulting","status":"publish","type":"page","link":"https:\/\/horizon-et-trajectoires.fr\/?page_id=249","title":{"rendered":"Consulting"},"content":{"rendered":"\n<h2 class=\"wp-block-heading\">LE CONSEIL AUX CADRES <\/h2>\n\n\n\n<p><strong><em>Qu&rsquo;est ce qui permet \u00e0 un cadre de tenir son rang et de durer dans l&rsquo;exercice de ses fonctions&nbsp;?<\/em><\/strong><\/p>\n\n\n\n<div class=\"wp-block-group is-layout-constrained wp-block-group-is-layout-constrained\"><div class=\"wp-block-group__inner-container\">\n<div class=\"wp-block-group is-layout-constrained wp-block-group-is-layout-constrained\"><div class=\"wp-block-group__inner-container\">\n<p>Les cadres des \u00e9tablissements sociaux et m\u00e9dico-sociaux sont confront\u00e9s \u00e0 diff\u00e9rents niveaux de complexit\u00e9, compos\u00e9s de multiples injonctions paradoxales provoquant des \u00e9tats de fatigue, d&rsquo;\u00e9puisement professionnel et de perte de sens g\u00e9n\u00e9ralis\u00e9.<\/p>\n<\/div><\/div>\n<\/div><\/div>\n\n\n\n<p>Je vous propose donc un conseil qui porte sur le r\u00f4le et la place de la fonction d&rsquo;encadrement, sur les modes de management, sur les choix organisationnels et sur le positionnement \u00e9thique dans les diff\u00e9rentes d\u00e9cisions.<strong> <\/strong><\/p>\n\n\n\n<p>Mon intervention vous permet d&rsquo;asseoir votre posture et d&rsquo;incarner votre fonction de cadre.<\/p>\n\n\n\n<p><\/p>\n\n\n\n<p><\/p>\n\n\n\n<h2 class=\"wp-block-heading\">LE CONSEIL AUX EQUIPES <\/h2>\n\n\n\n<p><strong><em>Qu&rsquo;est-ce qui fait tenir ENSEMBLE et qui permet de faire \u00e9quipe au travail&nbsp;?<\/em><\/strong> <\/p>\n\n\n\n<p>Faire \u00e9quipe au travail ne s&rsquo;improvise pas dans un contexte o\u00f9 les professionnels accompagnent des personnes aux demandes et aux besoins de plus en plus disparates, o\u00f9 les exigences administratives sont croissantes, avec des budgets limit\u00e9s, dans des organisations mouvantes et dans des rapports au travail paradoxaux. <\/p>\n\n\n\n<p>Je propose une intervention avec des m\u00e9thodes et des outils permettant aux professionnels de mieux se conna\u00eetre, de faciliter la communication, d&rsquo;exprimer leurs besoins respectifs, de rep\u00e9rer leurs forces et leurs faiblesses, de d\u00e9finir leur r\u00f4le, de se r\u00e9partir les t\u00e2ches et de trouver une direction commune de travail. <\/p>\n\n\n\n<p>Ce type de travail vise \u00e0 l&rsquo;am\u00e9lioration du fonctionnement collectif de mani\u00e8re durable avec des comportements positifs des salari\u00e9s, des relations plus faciles, du soutien mutuel, le sentiment d&rsquo;appartenance \u00e0 l&rsquo;\u00e9quipe, une ambiance agr\u00e9able et d\u00e9tendue, ainsi que le plaisir de travailler ensemble.<\/p>\n\n\n\n<p><\/p>\n\n\n\n<p><\/p>\n\n\n\n<h2 class=\"wp-block-heading\">LE CONSEIL AUX ETABLISSEMENTS<\/h2>\n\n\n\n<p><strong><em>Qu&rsquo;est-ce qui fait tenir L&rsquo;ENSEMBLE&nbsp;et qui permet \u00e0 une organisation de se structurer&nbsp;?<\/em><\/strong><\/p>\n\n\n\n<p>Les institutions sociales et m\u00e9dico-sociales comme l&rsquo;ensemble de la soci\u00e9t\u00e9 et des entreprises sont prises dans des logiques de rentabilit\u00e9. Le probl\u00e8me est que ces logiques de gestion ont pris le pas sur les logiques de mission, ce qui a pour cons\u00e9quence une accumulation des proc\u00e9dures et de t\u00e2ches pour les professionnels quelle que soit leur place dans le syst\u00e8me, et ce, au d\u00e9triment des personnes accueillies. <\/p>\n\n\n\n<p>Mon intervention porte d&rsquo;une part sur un \u00e9tat des lieux du fonctionnement collectif, d&rsquo;autre part sur une analyse collective et enfin sur une d\u00e9finition des axes d&rsquo;am\u00e9lioration. Cela s&rsquo;effectue par une clarification de la place, du r\u00f4le et des fonctions des diff\u00e9rents intervenants qui \u00e9tablissent de nouveaux liens fonctionnels au service d&rsquo;un projet commun. <\/p>\n\n\n\n<p>Ce type d&rsquo;action a pour effet un r\u00e9ajustement ou un alignement des valeurs institutionnelles, avec un projet d&rsquo;\u00e9tablissement et avec un fonctionnement. Il permet aussi d&rsquo;assouplir l&rsquo;organisation, d&rsquo;all\u00e9ger la charge de travail des professionnels, ainsi que de r\u00e9duire les tensions individuelles et collectives.<\/p>\n","protected":false},"excerpt":{"rendered":"<p>LE CONSEIL AUX CADRES Qu&rsquo;est ce qui permet \u00e0 un cadre de tenir son rang et de durer dans l&rsquo;exercice de ses fonctions&nbsp;? Les cadres des \u00e9tablissements sociaux et m\u00e9dico-sociaux sont confront\u00e9s \u00e0 diff\u00e9rents niveaux de complexit\u00e9, compos\u00e9s de multiples injonctions paradoxales provoquant des \u00e9tats de fatigue, d&rsquo;\u00e9puisement professionnel et [&hellip;]<\/p>\n","protected":false},"author":1,"featured_media":414,"parent":0,"menu_order":0,"comment_status":"closed","ping_status":"closed","template":"","meta":{"footnotes":""},"yoast_head":"<!-- This site is optimized with the Yoast SEO plugin v21.0 - https:\/\/yoast.com\/wordpress\/plugins\/seo\/ -->\n<title>Consulting - Horizon&amp;Trajectoires<\/title>\n<meta name=\"robots\" content=\"index, follow, max-snippet:-1, max-image-preview:large, max-video-preview:-1\" \/>\n<link rel=\"canonical\" href=\"https:\/\/horizon-et-trajectoires.fr\/?page_id=249\" \/>\n<meta property=\"og:locale\" content=\"fr_FR\" \/>\n<meta property=\"og:type\" content=\"article\" \/>\n<meta property=\"og:title\" content=\"Consulting - Horizon&amp;Trajectoires\" \/>\n<meta property=\"og:description\" content=\"LE CONSEIL AUX CADRES Qu&rsquo;est ce qui permet \u00e0 un cadre de tenir son rang et de durer dans l&rsquo;exercice de ses fonctions&nbsp;? Les cadres des \u00e9tablissements sociaux et m\u00e9dico-sociaux sont confront\u00e9s \u00e0 diff\u00e9rents niveaux de complexit\u00e9, compos\u00e9s de multiples injonctions paradoxales provoquant des \u00e9tats de fatigue, d&rsquo;\u00e9puisement professionnel et [&hellip;]\" \/>\n<meta property=\"og:url\" content=\"https:\/\/horizon-et-trajectoires.fr\/?page_id=249\" \/>\n<meta property=\"og:site_name\" content=\"Horizon&amp;Trajectoires\" \/>\n<meta property=\"article:modified_time\" content=\"2024-08-29T10:28:16+00:00\" \/>\n<meta property=\"og:image\" content=\"https:\/\/horizon-et-trajectoires.fr\/wp-content\/uploads\/2023\/12\/falaise-1024x684.png\" \/>\n\t<meta property=\"og:image:width\" content=\"1024\" \/>\n\t<meta property=\"og:image:height\" content=\"684\" \/>\n\t<meta property=\"og:image:type\" content=\"image\/png\" \/>\n<meta name=\"twitter:card\" content=\"summary_large_image\" \/>\n<meta name=\"twitter:label1\" content=\"Dur\u00e9e de lecture estim\u00e9e\" \/>\n\t<meta name=\"twitter:data1\" content=\"3 minutes\" \/>\n<script type=\"application\/ld+json\" class=\"yoast-schema-graph\">{\"@context\":\"https:\/\/schema.org\",\"@graph\":[{\"@type\":\"WebPage\",\"@id\":\"https:\/\/horizon-et-trajectoires.fr\/?page_id=249\",\"url\":\"https:\/\/horizon-et-trajectoires.fr\/?page_id=249\",\"name\":\"Consulting - Horizon&amp;Trajectoires\",\"isPartOf\":{\"@id\":\"https:\/\/horizon-et-trajectoires.fr\/#website\"},\"datePublished\":\"2023-08-23T10:15:41+00:00\",\"dateModified\":\"2024-08-29T10:28:16+00:00\",\"breadcrumb\":{\"@id\":\"https:\/\/horizon-et-trajectoires.fr\/?page_id=249#breadcrumb\"},\"inLanguage\":\"fr-FR\",\"potentialAction\":[{\"@type\":\"ReadAction\",\"target\":[\"https:\/\/horizon-et-trajectoires.fr\/?page_id=249\"]}]},{\"@type\":\"BreadcrumbList\",\"@id\":\"https:\/\/horizon-et-trajectoires.fr\/?page_id=249#breadcrumb\",\"itemListElement\":[{\"@type\":\"ListItem\",\"position\":1,\"name\":\"Accueil\",\"item\":\"https:\/\/horizon-et-trajectoires.fr\/\"},{\"@type\":\"ListItem\",\"position\":2,\"name\":\"Consulting\"}]},{\"@type\":\"WebSite\",\"@id\":\"https:\/\/horizon-et-trajectoires.fr\/#website\",\"url\":\"https:\/\/horizon-et-trajectoires.fr\/\",\"name\":\"Horizon&amp;Trajectoires\",\"description\":\"Bonjour, je m&#039;appelle Laurent MONTY, j&#039;exerce plusieurs m\u00e9tiers autour l&#039;accompagnement comme le coaching professionnel, le consulting et le management de transition.\",\"publisher\":{\"@id\":\"https:\/\/horizon-et-trajectoires.fr\/#organization\"},\"potentialAction\":[{\"@type\":\"SearchAction\",\"target\":{\"@type\":\"EntryPoint\",\"urlTemplate\":\"https:\/\/horizon-et-trajectoires.fr\/?s={search_term_string}\"},\"query-input\":\"required name=search_term_string\"}],\"inLanguage\":\"fr-FR\"},{\"@type\":\"Organization\",\"@id\":\"https:\/\/horizon-et-trajectoires.fr\/#organization\",\"name\":\"Horizon&amp;Trajectoires\",\"url\":\"https:\/\/horizon-et-trajectoires.fr\/\",\"logo\":{\"@type\":\"ImageObject\",\"inLanguage\":\"fr-FR\",\"@id\":\"https:\/\/horizon-et-trajectoires.fr\/#\/schema\/logo\/image\/\",\"url\":\"https:\/\/horizon-et-trajectoires.fr\/wp-content\/uploads\/2023\/08\/LinkedIn-Logo.png\",\"contentUrl\":\"https:\/\/horizon-et-trajectoires.fr\/wp-content\/uploads\/2023\/08\/LinkedIn-Logo.png\",\"width\":1250,\"height\":1250,\"caption\":\"Horizon&amp;Trajectoires\"},\"image\":{\"@id\":\"https:\/\/horizon-et-trajectoires.fr\/#\/schema\/logo\/image\/\"}}]}<\/script>\n<!-- \/ Yoast SEO plugin. -->","yoast_head_json":{"title":"Consulting - Horizon&amp;Trajectoires","robots":{"index":"index","follow":"follow","max-snippet":"max-snippet:-1","max-image-preview":"max-image-preview:large","max-video-preview":"max-video-preview:-1"},"canonical":"https:\/\/horizon-et-trajectoires.fr\/?page_id=249","og_locale":"fr_FR","og_type":"article","og_title":"Consulting - Horizon&amp;Trajectoires","og_description":"LE CONSEIL AUX CADRES Qu&rsquo;est ce qui permet \u00e0 un cadre de tenir son rang et de durer dans l&rsquo;exercice de ses fonctions&nbsp;? Les cadres des \u00e9tablissements sociaux et m\u00e9dico-sociaux sont confront\u00e9s \u00e0 diff\u00e9rents niveaux de complexit\u00e9, compos\u00e9s de multiples injonctions paradoxales provoquant des \u00e9tats de fatigue, d&rsquo;\u00e9puisement professionnel et [&hellip;]","og_url":"https:\/\/horizon-et-trajectoires.fr\/?page_id=249","og_site_name":"Horizon&amp;Trajectoires","article_modified_time":"2024-08-29T10:28:16+00:00","og_image":[{"width":1024,"height":684,"url":"https:\/\/horizon-et-trajectoires.fr\/wp-content\/uploads\/2023\/12\/falaise-1024x684.png","type":"image\/png"}],"twitter_card":"summary_large_image","twitter_misc":{"Dur\u00e9e de lecture estim\u00e9e":"3 minutes"},"schema":{"@context":"https:\/\/schema.org","@graph":[{"@type":"WebPage","@id":"https:\/\/horizon-et-trajectoires.fr\/?page_id=249","url":"https:\/\/horizon-et-trajectoires.fr\/?page_id=249","name":"Consulting - Horizon&amp;Trajectoires","isPartOf":{"@id":"https:\/\/horizon-et-trajectoires.fr\/#website"},"datePublished":"2023-08-23T10:15:41+00:00","dateModified":"2024-08-29T10:28:16+00:00","breadcrumb":{"@id":"https:\/\/horizon-et-trajectoires.fr\/?page_id=249#breadcrumb"},"inLanguage":"fr-FR","potentialAction":[{"@type":"ReadAction","target":["https:\/\/horizon-et-trajectoires.fr\/?page_id=249"]}]},{"@type":"BreadcrumbList","@id":"https:\/\/horizon-et-trajectoires.fr\/?page_id=249#breadcrumb","itemListElement":[{"@type":"ListItem","position":1,"name":"Accueil","item":"https:\/\/horizon-et-trajectoires.fr\/"},{"@type":"ListItem","position":2,"name":"Consulting"}]},{"@type":"WebSite","@id":"https:\/\/horizon-et-trajectoires.fr\/#website","url":"https:\/\/horizon-et-trajectoires.fr\/","name":"Horizon&amp;Trajectoires","description":"Bonjour, je m&#039;appelle Laurent MONTY, j&#039;exerce plusieurs m\u00e9tiers autour l&#039;accompagnement comme le coaching professionnel, le consulting et le management de transition.","publisher":{"@id":"https:\/\/horizon-et-trajectoires.fr\/#organization"},"potentialAction":[{"@type":"SearchAction","target":{"@type":"EntryPoint","urlTemplate":"https:\/\/horizon-et-trajectoires.fr\/?s={search_term_string}"},"query-input":"required name=search_term_string"}],"inLanguage":"fr-FR"},{"@type":"Organization","@id":"https:\/\/horizon-et-trajectoires.fr\/#organization","name":"Horizon&amp;Trajectoires","url":"https:\/\/horizon-et-trajectoires.fr\/","logo":{"@type":"ImageObject","inLanguage":"fr-FR","@id":"https:\/\/horizon-et-trajectoires.fr\/#\/schema\/logo\/image\/","url":"https:\/\/horizon-et-trajectoires.fr\/wp-content\/uploads\/2023\/08\/LinkedIn-Logo.png","contentUrl":"https:\/\/horizon-et-trajectoires.fr\/wp-content\/uploads\/2023\/08\/LinkedIn-Logo.png","width":1250,"height":1250,"caption":"Horizon&amp;Trajectoires"},"image":{"@id":"https:\/\/horizon-et-trajectoires.fr\/#\/schema\/logo\/image\/"}}]}},"_links":{"self":[{"href":"https:\/\/horizon-et-trajectoires.fr\/index.php?rest_route=\/wp\/v2\/pages\/249"}],"collection":[{"href":"https:\/\/horizon-et-trajectoires.fr\/index.php?rest_route=\/wp\/v2\/pages"}],"about":[{"href":"https:\/\/horizon-et-trajectoires.fr\/index.php?rest_route=\/wp\/v2\/types\/page"}],"author":[{"embeddable":true,"href":"https:\/\/horizon-et-trajectoires.fr\/index.php?rest_route=\/wp\/v2\/users\/1"}],"replies":[{"embeddable":true,"href":"https:\/\/horizon-et-trajectoires.fr\/index.php?rest_route=%2Fwp%2Fv2%2Fcomments&post=249"}],"version-history":[{"count":20,"href":"https:\/\/horizon-et-trajectoires.fr\/index.php?rest_route=\/wp\/v2\/pages\/249\/revisions"}],"predecessor-version":[{"id":490,"href":"https:\/\/horizon-et-trajectoires.fr\/index.php?rest_route=\/wp\/v2\/pages\/249\/revisions\/490"}],"wp:featuredmedia":[{"embeddable":true,"href":"https:\/\/horizon-et-trajectoires.fr\/index.php?rest_route=\/wp\/v2\/media\/414"}],"wp:attachment":[{"href":"https:\/\/horizon-et-trajectoires.fr\/index.php?rest_route=%2Fwp%2Fv2%2Fmedia&parent=249"}],"curies":[{"name":"wp","href":"https:\/\/api.w.org\/{rel}","templated":true}]}}