{"id":235,"date":"2023-08-23T10:40:28","date_gmt":"2023-08-23T08:40:28","guid":{"rendered":"https:\/\/horizon-et-trajectoires.fr\/?page_id=235"},"modified":"2023-12-16T12:12:43","modified_gmt":"2023-12-16T11:12:43","slug":"accueil","status":"publish","type":"page","link":"https:\/\/horizon-et-trajectoires.fr\/","title":{"rendered":"Accueil"},"content":{"rendered":"\n<h2 class=\"wp-block-heading has-text-align-center\">Qui suis-je<\/h2>\n\n\n\n<p>Je m&rsquo;appelle Laurent MONTY, j&rsquo;ai essentiellement travaill\u00e9 dans l&rsquo;\u00e9ducation sp\u00e9cialis\u00e9e et apr\u00e8s 15 ans en tant que chef de service, j&rsquo;ai d\u00e9cid\u00e9 d&rsquo;\u00e9voluer professionnellement en me lan\u00e7ant dans plusieurs m\u00e9tiers de l&rsquo;accompagnement.<\/p>\n\n\n\n<p>Je souhaite mettre mon exp\u00e9rience et mes comp\u00e9tences au service d&rsquo;institutions et d&rsquo;entreprises dans le d\u00e9veloppement de leurs projets, dans la construction de leurs \u00e9quipes et dans l&rsquo;am\u00e9lioration de leur organisation.<\/p>\n","protected":false},"excerpt":{"rendered":"<p>Qui suis-je Je m&rsquo;appelle Laurent MONTY, j&rsquo;ai essentiellement travaill\u00e9 dans l&rsquo;\u00e9ducation sp\u00e9cialis\u00e9e et apr\u00e8s 15 ans en tant que chef de service, j&rsquo;ai d\u00e9cid\u00e9 d&rsquo;\u00e9voluer professionnellement en me lan\u00e7ant dans plusieurs m\u00e9tiers de l&rsquo;accompagnement. Je souhaite mettre mon exp\u00e9rience et mes comp\u00e9tences au service d&rsquo;institutions et d&rsquo;entreprises dans le d\u00e9veloppement [&hellip;]<\/p>\n","protected":false},"author":1,"featured_media":421,"parent":0,"menu_order":0,"comment_status":"closed","ping_status":"closed","template":"","meta":{"footnotes":""},"yoast_head":"<!-- This site is optimized with the Yoast SEO plugin v21.0 - https:\/\/yoast.com\/wordpress\/plugins\/seo\/ -->\n<title>Horizon&amp;Trajectoires<\/title>\n<meta name=\"description\" content=\"Bonjour, je m&#039;appelle Laurent MONTY, j&#039;exerce plusieurs m\u00e9tiers autour l&#039;accompagnement comme le coaching professionnel, le consulting et le management de transition.\" \/>\n<meta name=\"robots\" content=\"index, follow, max-snippet:-1, max-image-preview:large, max-video-preview:-1\" \/>\n<link rel=\"canonical\" href=\"https:\/\/horizon-et-trajectoires.fr\/\" \/>\n<meta property=\"og:locale\" content=\"fr_FR\" \/>\n<meta property=\"og:type\" content=\"article\" \/>\n<meta property=\"og:title\" content=\"Horizon&amp;Trajectoires\" \/>\n<meta property=\"og:description\" content=\"Bonjour, je m&#039;appelle Laurent MONTY, j&#039;exerce plusieurs m\u00e9tiers autour l&#039;accompagnement comme le coaching professionnel, le consulting et le management de transition.\" \/>\n<meta property=\"og:url\" content=\"https:\/\/horizon-et-trajectoires.fr\/\" \/>\n<meta property=\"og:site_name\" content=\"Horizon&amp;Trajectoires\" \/>\n<meta property=\"article:modified_time\" content=\"2023-12-16T11:12:43+00:00\" \/>\n<meta property=\"og:image\" content=\"https:\/\/horizon-et-trajectoires.fr\/wp-content\/uploads\/2023\/12\/image-qui-suis-je-clair-1-scaled.jpeg\" \/>\n\t<meta property=\"og:image:width\" content=\"1920\" \/>\n\t<meta property=\"og:image:height\" content=\"2560\" \/>\n\t<meta property=\"og:image:type\" content=\"image\/jpeg\" \/>\n<meta name=\"twitter:card\" content=\"summary_large_image\" \/>\n<meta name=\"twitter:label1\" content=\"Dur\u00e9e de lecture estim\u00e9e\" \/>\n\t<meta name=\"twitter:data1\" content=\"1 minute\" \/>\n<script type=\"application\/ld+json\" class=\"yoast-schema-graph\">{\"@context\":\"https:\/\/schema.org\",\"@graph\":[{\"@type\":\"WebPage\",\"@id\":\"https:\/\/horizon-et-trajectoires.fr\/\",\"url\":\"https:\/\/horizon-et-trajectoires.fr\/\",\"name\":\"Horizon&amp;Trajectoires\",\"isPartOf\":{\"@id\":\"https:\/\/horizon-et-trajectoires.fr\/#website\"},\"datePublished\":\"2023-08-23T08:40:28+00:00\",\"dateModified\":\"2023-12-16T11:12:43+00:00\",\"description\":\"Bonjour, je m'appelle Laurent MONTY, j'exerce plusieurs m\u00e9tiers autour l'accompagnement comme le coaching professionnel, le consulting et le management de transition.\",\"breadcrumb\":{\"@id\":\"https:\/\/horizon-et-trajectoires.fr\/#breadcrumb\"},\"inLanguage\":\"fr-FR\",\"potentialAction\":[{\"@type\":\"ReadAction\",\"target\":[\"https:\/\/horizon-et-trajectoires.fr\/\"]}]},{\"@type\":\"BreadcrumbList\",\"@id\":\"https:\/\/horizon-et-trajectoires.fr\/#breadcrumb\",\"itemListElement\":[{\"@type\":\"ListItem\",\"position\":1,\"name\":\"Accueil\",\"item\":\"https:\/\/horizon-et-trajectoires.fr\/\"},{\"@type\":\"ListItem\",\"position\":2,\"name\":\"Accueil\"}]},{\"@type\":\"WebSite\",\"@id\":\"https:\/\/horizon-et-trajectoires.fr\/#website\",\"url\":\"https:\/\/horizon-et-trajectoires.fr\/\",\"name\":\"Horizon&amp;Trajectoires\",\"description\":\"Bonjour, je m&#039;appelle Laurent MONTY, j&#039;exerce plusieurs m\u00e9tiers autour l&#039;accompagnement comme le coaching professionnel, le consulting et le management de transition.\",\"publisher\":{\"@id\":\"https:\/\/horizon-et-trajectoires.fr\/#organization\"},\"potentialAction\":[{\"@type\":\"SearchAction\",\"target\":{\"@type\":\"EntryPoint\",\"urlTemplate\":\"https:\/\/horizon-et-trajectoires.fr\/?s={search_term_string}\"},\"query-input\":\"required name=search_term_string\"}],\"inLanguage\":\"fr-FR\"},{\"@type\":\"Organization\",\"@id\":\"https:\/\/horizon-et-trajectoires.fr\/#organization\",\"name\":\"Horizon&amp;Trajectoires\",\"url\":\"https:\/\/horizon-et-trajectoires.fr\/\",\"logo\":{\"@type\":\"ImageObject\",\"inLanguage\":\"fr-FR\",\"@id\":\"https:\/\/horizon-et-trajectoires.fr\/#\/schema\/logo\/image\/\",\"url\":\"https:\/\/horizon-et-trajectoires.fr\/wp-content\/uploads\/2023\/08\/LinkedIn-Logo.png\",\"contentUrl\":\"https:\/\/horizon-et-trajectoires.fr\/wp-content\/uploads\/2023\/08\/LinkedIn-Logo.png\",\"width\":1250,\"height\":1250,\"caption\":\"Horizon&amp;Trajectoires\"},\"image\":{\"@id\":\"https:\/\/horizon-et-trajectoires.fr\/#\/schema\/logo\/image\/\"}}]}<\/script>\n<!-- \/ Yoast SEO plugin. -->","yoast_head_json":{"title":"Horizon&amp;Trajectoires","description":"Bonjour, je m'appelle Laurent MONTY, j'exerce plusieurs m\u00e9tiers autour l'accompagnement comme le coaching professionnel, le consulting et le management de transition.","robots":{"index":"index","follow":"follow","max-snippet":"max-snippet:-1","max-image-preview":"max-image-preview:large","max-video-preview":"max-video-preview:-1"},"canonical":"https:\/\/horizon-et-trajectoires.fr\/","og_locale":"fr_FR","og_type":"article","og_title":"Horizon&amp;Trajectoires","og_description":"Bonjour, je m'appelle Laurent MONTY, j'exerce plusieurs m\u00e9tiers autour l'accompagnement comme le coaching professionnel, le consulting et le management de transition.","og_url":"https:\/\/horizon-et-trajectoires.fr\/","og_site_name":"Horizon&amp;Trajectoires","article_modified_time":"2023-12-16T11:12:43+00:00","og_image":[{"width":1920,"height":2560,"url":"https:\/\/horizon-et-trajectoires.fr\/wp-content\/uploads\/2023\/12\/image-qui-suis-je-clair-1-scaled.jpeg","type":"image\/jpeg"}],"twitter_card":"summary_large_image","twitter_misc":{"Dur\u00e9e de lecture estim\u00e9e":"1 minute"},"schema":{"@context":"https:\/\/schema.org","@graph":[{"@type":"WebPage","@id":"https:\/\/horizon-et-trajectoires.fr\/","url":"https:\/\/horizon-et-trajectoires.fr\/","name":"Horizon&amp;Trajectoires","isPartOf":{"@id":"https:\/\/horizon-et-trajectoires.fr\/#website"},"datePublished":"2023-08-23T08:40:28+00:00","dateModified":"2023-12-16T11:12:43+00:00","description":"Bonjour, je m'appelle Laurent MONTY, j'exerce plusieurs m\u00e9tiers autour l'accompagnement comme le coaching professionnel, le consulting et le management de transition.","breadcrumb":{"@id":"https:\/\/horizon-et-trajectoires.fr\/#breadcrumb"},"inLanguage":"fr-FR","potentialAction":[{"@type":"ReadAction","target":["https:\/\/horizon-et-trajectoires.fr\/"]}]},{"@type":"BreadcrumbList","@id":"https:\/\/horizon-et-trajectoires.fr\/#breadcrumb","itemListElement":[{"@type":"ListItem","position":1,"name":"Accueil","item":"https:\/\/horizon-et-trajectoires.fr\/"},{"@type":"ListItem","position":2,"name":"Accueil"}]},{"@type":"WebSite","@id":"https:\/\/horizon-et-trajectoires.fr\/#website","url":"https:\/\/horizon-et-trajectoires.fr\/","name":"Horizon&amp;Trajectoires","description":"Bonjour, je m&#039;appelle Laurent MONTY, j&#039;exerce plusieurs m\u00e9tiers autour l&#039;accompagnement comme le coaching professionnel, le consulting et le management de transition.","publisher":{"@id":"https:\/\/horizon-et-trajectoires.fr\/#organization"},"potentialAction":[{"@type":"SearchAction","target":{"@type":"EntryPoint","urlTemplate":"https:\/\/horizon-et-trajectoires.fr\/?s={search_term_string}"},"query-input":"required name=search_term_string"}],"inLanguage":"fr-FR"},{"@type":"Organization","@id":"https:\/\/horizon-et-trajectoires.fr\/#organization","name":"Horizon&amp;Trajectoires","url":"https:\/\/horizon-et-trajectoires.fr\/","logo":{"@type":"ImageObject","inLanguage":"fr-FR","@id":"https:\/\/horizon-et-trajectoires.fr\/#\/schema\/logo\/image\/","url":"https:\/\/horizon-et-trajectoires.fr\/wp-content\/uploads\/2023\/08\/LinkedIn-Logo.png","contentUrl":"https:\/\/horizon-et-trajectoires.fr\/wp-content\/uploads\/2023\/08\/LinkedIn-Logo.png","width":1250,"height":1250,"caption":"Horizon&amp;Trajectoires"},"image":{"@id":"https:\/\/horizon-et-trajectoires.fr\/#\/schema\/logo\/image\/"}}]}},"_links":{"self":[{"href":"https:\/\/horizon-et-trajectoires.fr\/index.php?rest_route=\/wp\/v2\/pages\/235"}],"collection":[{"href":"https:\/\/horizon-et-trajectoires.fr\/index.php?rest_route=\/wp\/v2\/pages"}],"about":[{"href":"https:\/\/horizon-et-trajectoires.fr\/index.php?rest_route=\/wp\/v2\/types\/page"}],"author":[{"embeddable":true,"href":"https:\/\/horizon-et-trajectoires.fr\/index.php?rest_route=\/wp\/v2\/users\/1"}],"replies":[{"embeddable":true,"href":"https:\/\/horizon-et-trajectoires.fr\/index.php?rest_route=%2Fwp%2Fv2%2Fcomments&post=235"}],"version-history":[{"count":4,"href":"https:\/\/horizon-et-trajectoires.fr\/index.php?rest_route=\/wp\/v2\/pages\/235\/revisions"}],"predecessor-version":[{"id":385,"href":"https:\/\/horizon-et-trajectoires.fr\/index.php?rest_route=\/wp\/v2\/pages\/235\/revisions\/385"}],"wp:featuredmedia":[{"embeddable":true,"href":"https:\/\/horizon-et-trajectoires.fr\/index.php?rest_route=\/wp\/v2\/media\/421"}],"wp:attachment":[{"href":"https:\/\/horizon-et-trajectoires.fr\/index.php?rest_route=%2Fwp%2Fv2%2Fmedia&parent=235"}],"curies":[{"name":"wp","href":"https:\/\/api.w.org\/{rel}","templated":true}]}}