{"id":223,"date":"2023-08-19T17:04:26","date_gmt":"2023-08-19T15:04:26","guid":{"rendered":"http:\/\/localhost\/Laurent-MONTY\/?page_id=223"},"modified":"2024-01-20T16:52:24","modified_gmt":"2024-01-20T15:52:24","slug":"qui-suis-je","status":"publish","type":"page","link":"https:\/\/horizon-et-trajectoires.fr\/?page_id=223","title":{"rendered":"QUI SUIS JE ?"},"content":{"rendered":"\n<p>Apr\u00e8s plus de vingt ans dans le secteur social et m\u00e9dico-social, d&rsquo;abord en tant qu&rsquo;\u00e9ducateur puis en tant que chef de service \u00e9ducatif, j&rsquo;ai d\u00e9cid\u00e9 de donner une autre orientation \u00e0 ma vie professionnelle. <\/p>\n\n\n\n<p>J&rsquo;ai pu vivre des exp\u00e9riences constructives avec diff\u00e9rentes \u00e9quipes, en cr\u00e9ant les conditions d&rsquo;un climat de confiance, en favorisant la coh\u00e9sion et en d\u00e9veloppant une dynamique de coop\u00e9ration visant \u00e0 ce que les personnes agissent dans le m\u00eame sens. Toujours int\u00e9ress\u00e9 par le management et plus particuli\u00e8rement par l&rsquo;accompagnement des \u00e9quipes, je me suis lanc\u00e9 dans la formation \u00ab&nbsp;coach and team&nbsp;\u00bb de JBS \u00e0 Lyon. Je propose ainsi de sensibiliser les dirigeants, les cadres et les professionnels \u00e0 un monde plus humain, plus l\u00e9ger et plus responsable en les accompagnant dans les enjeux qu&rsquo;ils rencontrent. <\/p>\n\n\n\n<p>Je suis un intervenant des m\u00e9tiers de l&rsquo;accompagnement habit\u00e9 par la volont\u00e9 de faire \u00e9merger le sens individuel et collectif. Par le coaching, le conseil et le management de transition, je souhaite mettre mon exp\u00e9rience et mes comp\u00e9tences au service d&rsquo;institutions et d&rsquo;entreprises pour les accompagner dans l&rsquo;\u00e9volution de leurs projets, dans le d\u00e9veloppement de leurs \u00e9quipes et dans l&rsquo;am\u00e9lioration de leur organisation.<\/p>\n\n\n\n<p>Je porte des valeurs telles que&nbsp;:<\/p>\n\n\n\n<ul>\n<li><strong>L&rsquo;humanisme<\/strong>\u00a0: accompagner des personnes et des relations, c&rsquo;est avant tout une rencontre humaine, qui se caract\u00e9rise par l&rsquo;\u00e9coute, l&rsquo;ouverture \u00e0 l&rsquo;autre et l&rsquo;alt\u00e9rit\u00e9<\/li>\n<\/ul>\n\n\n\n<ul>\n<li><strong>L&rsquo;humilit\u00e9<\/strong> : intervenir dans les relations professionnelles ne rel\u00e8ve pas d&rsquo;un champ de connaissance particulier et d&rsquo;une science \u00e0 appliquer, mais plut\u00f4t d&rsquo;une articulation de diff\u00e9rents \u00e9l\u00e9ments, notamment des hommes et des femmes avec des situations diverses et vari\u00e9es \u00e0 g\u00e9rer, \u00e9voluant dans un contexte donn\u00e9 et avec un certain nombres de contraintes et de possibles<\/li>\n<\/ul>\n\n\n\n<ul>\n<li><strong>La simplicit\u00e9<\/strong>&nbsp;: c&rsquo;est une forme de r\u00e9ponse \u00e0 la complexit\u00e9 de notre monde et \u00e0 la vie de nos organisations qui n\u00e9cessitent d&rsquo;\u00eatre assouplies dans leur mode de fonctionnement pour faire face aux d\u00e9fis d&rsquo;aujourd&rsquo;hui et de demain <\/li>\n<\/ul>\n\n\n\n<ul>\n<li><strong>La libert\u00e9<\/strong>&nbsp;: penser et agir en pleine conscience aussi bien pour les autres que pour moi-m\u00eame<\/li>\n<\/ul>\n\n\n\n<ul>\n<li><strong>La responsabilit\u00e9<\/strong>&nbsp;: s&rsquo;engager en assumant la cons\u00e9quence de ses actes et en r\u00e9fl\u00e9chissant \u00e0 l&rsquo;effet sur les autres et sur notre monde <\/li>\n<\/ul>\n\n\n\n<ul>\n<li><strong>L&rsquo;enthousiasme<\/strong> : se r\u00e9jouir de petites r\u00e9alisations qui, en s&rsquo;additionnant, font les grands pas&nbsp;dans&nbsp;la&nbsp;vie<\/li>\n<\/ul>\n\n\n\n<p>\u00ab&nbsp;Horizon et trajectoires&nbsp;\u00bb a pour mission d&rsquo;accompagner des hommes et des femmes \u00e0 ouvrir leur champ de pens\u00e9e pour d\u00e9couvrir les perspectives qu&rsquo;offre leur horizon. Chacun et chacune, seul(e) ou \u00e0 plusieurs, peut dessiner sa trajectoire, ses trajectoires en toute singularit\u00e9.<\/p>\n","protected":false},"excerpt":{"rendered":"<p>Apr\u00e8s plus de vingt ans dans le secteur social et m\u00e9dico-social, d&rsquo;abord en tant qu&rsquo;\u00e9ducateur puis en tant que chef de service \u00e9ducatif, j&rsquo;ai d\u00e9cid\u00e9 de donner une autre orientation \u00e0 ma vie professionnelle. J&rsquo;ai pu vivre des exp\u00e9riences constructives avec diff\u00e9rentes \u00e9quipes, en cr\u00e9ant les conditions d&rsquo;un climat de [&hellip;]<\/p>\n","protected":false},"author":2,"featured_media":433,"parent":0,"menu_order":0,"comment_status":"closed","ping_status":"closed","template":"","meta":{"footnotes":""},"yoast_head":"<!-- This site is optimized with the Yoast SEO plugin v21.0 - https:\/\/yoast.com\/wordpress\/plugins\/seo\/ -->\n<title>QUI SUIS JE ? - Horizon&amp;Trajectoires<\/title>\n<meta name=\"robots\" content=\"index, follow, max-snippet:-1, max-image-preview:large, max-video-preview:-1\" \/>\n<link rel=\"canonical\" href=\"https:\/\/horizon-et-trajectoires.fr\/?page_id=223\" \/>\n<meta property=\"og:locale\" content=\"fr_FR\" \/>\n<meta property=\"og:type\" content=\"article\" \/>\n<meta property=\"og:title\" content=\"QUI SUIS JE ? - Horizon&amp;Trajectoires\" \/>\n<meta property=\"og:description\" content=\"Apr\u00e8s plus de vingt ans dans le secteur social et m\u00e9dico-social, d&rsquo;abord en tant qu&rsquo;\u00e9ducateur puis en tant que chef de service \u00e9ducatif, j&rsquo;ai d\u00e9cid\u00e9 de donner une autre orientation \u00e0 ma vie professionnelle. J&rsquo;ai pu vivre des exp\u00e9riences constructives avec diff\u00e9rentes \u00e9quipes, en cr\u00e9ant les conditions d&rsquo;un climat de [&hellip;]\" \/>\n<meta property=\"og:url\" content=\"https:\/\/horizon-et-trajectoires.fr\/?page_id=223\" \/>\n<meta property=\"og:site_name\" content=\"Horizon&amp;Trajectoires\" \/>\n<meta property=\"article:modified_time\" content=\"2024-01-20T15:52:24+00:00\" \/>\n<meta property=\"og:image\" content=\"https:\/\/horizon-et-trajectoires.fr\/wp-content\/uploads\/2024\/01\/image-v-660x1024.png\" \/>\n\t<meta property=\"og:image:width\" content=\"660\" \/>\n\t<meta property=\"og:image:height\" content=\"1024\" \/>\n\t<meta property=\"og:image:type\" content=\"image\/png\" \/>\n<meta name=\"twitter:card\" content=\"summary_large_image\" \/>\n<meta name=\"twitter:label1\" content=\"Dur\u00e9e de lecture estim\u00e9e\" \/>\n\t<meta name=\"twitter:data1\" content=\"3 minutes\" \/>\n<script type=\"application\/ld+json\" class=\"yoast-schema-graph\">{\"@context\":\"https:\/\/schema.org\",\"@graph\":[{\"@type\":\"WebPage\",\"@id\":\"https:\/\/horizon-et-trajectoires.fr\/?page_id=223\",\"url\":\"https:\/\/horizon-et-trajectoires.fr\/?page_id=223\",\"name\":\"QUI SUIS JE ? - Horizon&amp;Trajectoires\",\"isPartOf\":{\"@id\":\"https:\/\/horizon-et-trajectoires.fr\/#website\"},\"datePublished\":\"2023-08-19T15:04:26+00:00\",\"dateModified\":\"2024-01-20T15:52:24+00:00\",\"breadcrumb\":{\"@id\":\"https:\/\/horizon-et-trajectoires.fr\/?page_id=223#breadcrumb\"},\"inLanguage\":\"fr-FR\",\"potentialAction\":[{\"@type\":\"ReadAction\",\"target\":[\"https:\/\/horizon-et-trajectoires.fr\/?page_id=223\"]}]},{\"@type\":\"BreadcrumbList\",\"@id\":\"https:\/\/horizon-et-trajectoires.fr\/?page_id=223#breadcrumb\",\"itemListElement\":[{\"@type\":\"ListItem\",\"position\":1,\"name\":\"Accueil\",\"item\":\"https:\/\/horizon-et-trajectoires.fr\/\"},{\"@type\":\"ListItem\",\"position\":2,\"name\":\"QUI SUIS JE ?\"}]},{\"@type\":\"WebSite\",\"@id\":\"https:\/\/horizon-et-trajectoires.fr\/#website\",\"url\":\"https:\/\/horizon-et-trajectoires.fr\/\",\"name\":\"Horizon&amp;Trajectoires\",\"description\":\"Bonjour, je m&#039;appelle Laurent MONTY, j&#039;exerce plusieurs m\u00e9tiers autour l&#039;accompagnement comme le coaching professionnel, le consulting et le management de transition.\",\"publisher\":{\"@id\":\"https:\/\/horizon-et-trajectoires.fr\/#organization\"},\"potentialAction\":[{\"@type\":\"SearchAction\",\"target\":{\"@type\":\"EntryPoint\",\"urlTemplate\":\"https:\/\/horizon-et-trajectoires.fr\/?s={search_term_string}\"},\"query-input\":\"required name=search_term_string\"}],\"inLanguage\":\"fr-FR\"},{\"@type\":\"Organization\",\"@id\":\"https:\/\/horizon-et-trajectoires.fr\/#organization\",\"name\":\"Horizon&amp;Trajectoires\",\"url\":\"https:\/\/horizon-et-trajectoires.fr\/\",\"logo\":{\"@type\":\"ImageObject\",\"inLanguage\":\"fr-FR\",\"@id\":\"https:\/\/horizon-et-trajectoires.fr\/#\/schema\/logo\/image\/\",\"url\":\"https:\/\/horizon-et-trajectoires.fr\/wp-content\/uploads\/2023\/08\/LinkedIn-Logo.png\",\"contentUrl\":\"https:\/\/horizon-et-trajectoires.fr\/wp-content\/uploads\/2023\/08\/LinkedIn-Logo.png\",\"width\":1250,\"height\":1250,\"caption\":\"Horizon&amp;Trajectoires\"},\"image\":{\"@id\":\"https:\/\/horizon-et-trajectoires.fr\/#\/schema\/logo\/image\/\"}}]}<\/script>\n<!-- \/ Yoast SEO plugin. -->","yoast_head_json":{"title":"QUI SUIS JE ? - Horizon&amp;Trajectoires","robots":{"index":"index","follow":"follow","max-snippet":"max-snippet:-1","max-image-preview":"max-image-preview:large","max-video-preview":"max-video-preview:-1"},"canonical":"https:\/\/horizon-et-trajectoires.fr\/?page_id=223","og_locale":"fr_FR","og_type":"article","og_title":"QUI SUIS JE ? - Horizon&amp;Trajectoires","og_description":"Apr\u00e8s plus de vingt ans dans le secteur social et m\u00e9dico-social, d&rsquo;abord en tant qu&rsquo;\u00e9ducateur puis en tant que chef de service \u00e9ducatif, j&rsquo;ai d\u00e9cid\u00e9 de donner une autre orientation \u00e0 ma vie professionnelle. J&rsquo;ai pu vivre des exp\u00e9riences constructives avec diff\u00e9rentes \u00e9quipes, en cr\u00e9ant les conditions d&rsquo;un climat de [&hellip;]","og_url":"https:\/\/horizon-et-trajectoires.fr\/?page_id=223","og_site_name":"Horizon&amp;Trajectoires","article_modified_time":"2024-01-20T15:52:24+00:00","og_image":[{"width":660,"height":1024,"url":"https:\/\/horizon-et-trajectoires.fr\/wp-content\/uploads\/2024\/01\/image-v-660x1024.png","type":"image\/png"}],"twitter_card":"summary_large_image","twitter_misc":{"Dur\u00e9e de lecture estim\u00e9e":"3 minutes"},"schema":{"@context":"https:\/\/schema.org","@graph":[{"@type":"WebPage","@id":"https:\/\/horizon-et-trajectoires.fr\/?page_id=223","url":"https:\/\/horizon-et-trajectoires.fr\/?page_id=223","name":"QUI SUIS JE ? - Horizon&amp;Trajectoires","isPartOf":{"@id":"https:\/\/horizon-et-trajectoires.fr\/#website"},"datePublished":"2023-08-19T15:04:26+00:00","dateModified":"2024-01-20T15:52:24+00:00","breadcrumb":{"@id":"https:\/\/horizon-et-trajectoires.fr\/?page_id=223#breadcrumb"},"inLanguage":"fr-FR","potentialAction":[{"@type":"ReadAction","target":["https:\/\/horizon-et-trajectoires.fr\/?page_id=223"]}]},{"@type":"BreadcrumbList","@id":"https:\/\/horizon-et-trajectoires.fr\/?page_id=223#breadcrumb","itemListElement":[{"@type":"ListItem","position":1,"name":"Accueil","item":"https:\/\/horizon-et-trajectoires.fr\/"},{"@type":"ListItem","position":2,"name":"QUI SUIS JE ?"}]},{"@type":"WebSite","@id":"https:\/\/horizon-et-trajectoires.fr\/#website","url":"https:\/\/horizon-et-trajectoires.fr\/","name":"Horizon&amp;Trajectoires","description":"Bonjour, je m&#039;appelle Laurent MONTY, j&#039;exerce plusieurs m\u00e9tiers autour l&#039;accompagnement comme le coaching professionnel, le consulting et le management de transition.","publisher":{"@id":"https:\/\/horizon-et-trajectoires.fr\/#organization"},"potentialAction":[{"@type":"SearchAction","target":{"@type":"EntryPoint","urlTemplate":"https:\/\/horizon-et-trajectoires.fr\/?s={search_term_string}"},"query-input":"required name=search_term_string"}],"inLanguage":"fr-FR"},{"@type":"Organization","@id":"https:\/\/horizon-et-trajectoires.fr\/#organization","name":"Horizon&amp;Trajectoires","url":"https:\/\/horizon-et-trajectoires.fr\/","logo":{"@type":"ImageObject","inLanguage":"fr-FR","@id":"https:\/\/horizon-et-trajectoires.fr\/#\/schema\/logo\/image\/","url":"https:\/\/horizon-et-trajectoires.fr\/wp-content\/uploads\/2023\/08\/LinkedIn-Logo.png","contentUrl":"https:\/\/horizon-et-trajectoires.fr\/wp-content\/uploads\/2023\/08\/LinkedIn-Logo.png","width":1250,"height":1250,"caption":"Horizon&amp;Trajectoires"},"image":{"@id":"https:\/\/horizon-et-trajectoires.fr\/#\/schema\/logo\/image\/"}}]}},"_links":{"self":[{"href":"https:\/\/horizon-et-trajectoires.fr\/index.php?rest_route=\/wp\/v2\/pages\/223"}],"collection":[{"href":"https:\/\/horizon-et-trajectoires.fr\/index.php?rest_route=\/wp\/v2\/pages"}],"about":[{"href":"https:\/\/horizon-et-trajectoires.fr\/index.php?rest_route=\/wp\/v2\/types\/page"}],"author":[{"embeddable":true,"href":"https:\/\/horizon-et-trajectoires.fr\/index.php?rest_route=\/wp\/v2\/users\/2"}],"replies":[{"embeddable":true,"href":"https:\/\/horizon-et-trajectoires.fr\/index.php?rest_route=%2Fwp%2Fv2%2Fcomments&post=223"}],"version-history":[{"count":10,"href":"https:\/\/horizon-et-trajectoires.fr\/index.php?rest_route=\/wp\/v2\/pages\/223\/revisions"}],"predecessor-version":[{"id":435,"href":"https:\/\/horizon-et-trajectoires.fr\/index.php?rest_route=\/wp\/v2\/pages\/223\/revisions\/435"}],"wp:featuredmedia":[{"embeddable":true,"href":"https:\/\/horizon-et-trajectoires.fr\/index.php?rest_route=\/wp\/v2\/media\/433"}],"wp:attachment":[{"href":"https:\/\/horizon-et-trajectoires.fr\/index.php?rest_route=%2Fwp%2Fv2%2Fmedia&parent=223"}],"curies":[{"name":"wp","href":"https:\/\/api.w.org\/{rel}","templated":true}]}}