{"id":221,"date":"2023-08-19T17:04:26","date_gmt":"2023-08-19T15:04:26","guid":{"rendered":"http:\/\/localhost\/Laurent-MONTY\/?page_id=221"},"modified":"2023-10-07T13:07:32","modified_gmt":"2023-10-07T11:07:32","slug":"pour-qui","status":"publish","type":"page","link":"https:\/\/horizon-et-trajectoires.fr\/?page_id=221","title":{"rendered":"POUR QUI ?"},"content":{"rendered":"\n<h3 class=\"wp-block-heading\"><strong>LE COACHING PROFESSIONNEL <\/strong><\/h3>\n\n\n\n<p>Le coaching individuel&nbsp; s&rsquo;adresse \u00e0 tout professionnel, dirigeant, manager et collaborateur d&rsquo;une entreprise ou d&rsquo;une institution confront\u00e9 \u00e0 des difficult\u00e9s qui emp\u00eachent la pleine expression de son potentiel. <\/p>\n\n\n\n<p>Le coaching d&rsquo;\u00e9quipe est destin\u00e9 aux collectifs de direction (comit\u00e9 de direction, \u00e9quipe de direction, \u00e9quipes de managers) et aux \u00e9quipes de terrain ayant besoin d&rsquo;entretenir une autre forme de lien pour viser une plus grande coh\u00e9rence des actions vers un but commun. <\/p>\n\n\n\n<p>Le coaching d&rsquo;organisation concerne l&rsquo;ensemble des acteurs quelle que soit leur place dans le syst\u00e8me. Ce type d&rsquo;accompagnement prend tout son sens pour une entit\u00e9 quand le responsable impulse cette dynamique de travail collectif et fait appel \u00e0 l&rsquo;esprit de cr\u00e9ativit\u00e9 et d&rsquo;initiative de toute les parties prenantes afin de pr\u00e9parer l&rsquo;avenir de l&rsquo;entreprise. <\/p>\n\n\n\n<p> <\/p>\n\n\n\n<h3 class=\"wp-block-heading\"><strong>LE CONSULTING <\/strong><\/h3>\n\n\n\n<p>Le conseil aux cadres de l&rsquo;intervention sociale et m\u00e9dico-sociale s&rsquo;adresse \u00e0 ceux et celles qui occupent des postes de direction (Directeur(rice) g\u00e9n\u00e9ral(e), Directeur(rice), Directeur(rice)-adjoint, chef(ffe) de service \u00e9ducatif. <\/p>\n\n\n\n<p>Le conseil aux \u00e9quipes cible les diff\u00e9rentes \u00e9quipes pouvant exister dans les \u00e9tablissements socio et m\u00e9dico-sociaux (\u00e9quipe de direction, \u00e9quipe pluridisciplinaire, \u00e9quipe administrative, \u00e9quipe \u00e9ducative, \u00e9quipe services g\u00e9n\u00e9raux, \u00e9quipe de veille de nuit&#8230;). <\/p>\n\n\n\n<p>Le conseil aux \u00e9tablissements mobilise tous les intervenants d&rsquo;une institution pour amener un changement dans le fonctionnement et simplifier\u00a0l&rsquo;organisation.<\/p>\n\n\n\n<p> <\/p>\n","protected":false},"excerpt":{"rendered":"<p>LE COACHING PROFESSIONNEL Le coaching individuel&nbsp; s&rsquo;adresse \u00e0 tout professionnel, dirigeant, manager et collaborateur d&rsquo;une entreprise ou d&rsquo;une institution confront\u00e9 \u00e0 des difficult\u00e9s qui emp\u00eachent la pleine expression de son potentiel. Le coaching d&rsquo;\u00e9quipe est destin\u00e9 aux collectifs de direction (comit\u00e9 de direction, \u00e9quipe de direction, \u00e9quipes de managers) et [&hellip;]<\/p>\n","protected":false},"author":2,"featured_media":0,"parent":0,"menu_order":0,"comment_status":"closed","ping_status":"closed","template":"","meta":{"footnotes":""},"yoast_head":"<!-- This site is optimized with the Yoast SEO plugin v21.0 - https:\/\/yoast.com\/wordpress\/plugins\/seo\/ -->\n<title>POUR QUI ? - Horizon&amp;Trajectoires<\/title>\n<meta name=\"robots\" content=\"index, follow, max-snippet:-1, max-image-preview:large, max-video-preview:-1\" \/>\n<link rel=\"canonical\" href=\"https:\/\/horizon-et-trajectoires.fr\/?page_id=221\" \/>\n<meta property=\"og:locale\" content=\"fr_FR\" \/>\n<meta property=\"og:type\" content=\"article\" \/>\n<meta property=\"og:title\" content=\"POUR QUI ? - Horizon&amp;Trajectoires\" \/>\n<meta property=\"og:description\" content=\"LE COACHING PROFESSIONNEL Le coaching individuel&nbsp; s&rsquo;adresse \u00e0 tout professionnel, dirigeant, manager et collaborateur d&rsquo;une entreprise ou d&rsquo;une institution confront\u00e9 \u00e0 des difficult\u00e9s qui emp\u00eachent la pleine expression de son potentiel. Le coaching d&rsquo;\u00e9quipe est destin\u00e9 aux collectifs de direction (comit\u00e9 de direction, \u00e9quipe de direction, \u00e9quipes de managers) et [&hellip;]\" \/>\n<meta property=\"og:url\" content=\"https:\/\/horizon-et-trajectoires.fr\/?page_id=221\" \/>\n<meta property=\"og:site_name\" content=\"Horizon&amp;Trajectoires\" \/>\n<meta property=\"article:modified_time\" content=\"2023-10-07T11:07:32+00:00\" \/>\n<meta name=\"twitter:card\" content=\"summary_large_image\" \/>\n<meta name=\"twitter:label1\" content=\"Dur\u00e9e de lecture estim\u00e9e\" \/>\n\t<meta name=\"twitter:data1\" content=\"2 minutes\" \/>\n<script type=\"application\/ld+json\" class=\"yoast-schema-graph\">{\"@context\":\"https:\/\/schema.org\",\"@graph\":[{\"@type\":\"WebPage\",\"@id\":\"https:\/\/horizon-et-trajectoires.fr\/?page_id=221\",\"url\":\"https:\/\/horizon-et-trajectoires.fr\/?page_id=221\",\"name\":\"POUR QUI ? - Horizon&amp;Trajectoires\",\"isPartOf\":{\"@id\":\"https:\/\/horizon-et-trajectoires.fr\/#website\"},\"datePublished\":\"2023-08-19T15:04:26+00:00\",\"dateModified\":\"2023-10-07T11:07:32+00:00\",\"breadcrumb\":{\"@id\":\"https:\/\/horizon-et-trajectoires.fr\/?page_id=221#breadcrumb\"},\"inLanguage\":\"fr-FR\",\"potentialAction\":[{\"@type\":\"ReadAction\",\"target\":[\"https:\/\/horizon-et-trajectoires.fr\/?page_id=221\"]}]},{\"@type\":\"BreadcrumbList\",\"@id\":\"https:\/\/horizon-et-trajectoires.fr\/?page_id=221#breadcrumb\",\"itemListElement\":[{\"@type\":\"ListItem\",\"position\":1,\"name\":\"Accueil\",\"item\":\"https:\/\/horizon-et-trajectoires.fr\/\"},{\"@type\":\"ListItem\",\"position\":2,\"name\":\"POUR QUI ?\"}]},{\"@type\":\"WebSite\",\"@id\":\"https:\/\/horizon-et-trajectoires.fr\/#website\",\"url\":\"https:\/\/horizon-et-trajectoires.fr\/\",\"name\":\"Horizon&amp;Trajectoires\",\"description\":\"Bonjour, je m&#039;appelle Laurent MONTY, j&#039;exerce plusieurs m\u00e9tiers autour l&#039;accompagnement comme le coaching professionnel, le consulting et le management de transition.\",\"publisher\":{\"@id\":\"https:\/\/horizon-et-trajectoires.fr\/#organization\"},\"potentialAction\":[{\"@type\":\"SearchAction\",\"target\":{\"@type\":\"EntryPoint\",\"urlTemplate\":\"https:\/\/horizon-et-trajectoires.fr\/?s={search_term_string}\"},\"query-input\":\"required name=search_term_string\"}],\"inLanguage\":\"fr-FR\"},{\"@type\":\"Organization\",\"@id\":\"https:\/\/horizon-et-trajectoires.fr\/#organization\",\"name\":\"Horizon&amp;Trajectoires\",\"url\":\"https:\/\/horizon-et-trajectoires.fr\/\",\"logo\":{\"@type\":\"ImageObject\",\"inLanguage\":\"fr-FR\",\"@id\":\"https:\/\/horizon-et-trajectoires.fr\/#\/schema\/logo\/image\/\",\"url\":\"https:\/\/horizon-et-trajectoires.fr\/wp-content\/uploads\/2023\/08\/LinkedIn-Logo.png\",\"contentUrl\":\"https:\/\/horizon-et-trajectoires.fr\/wp-content\/uploads\/2023\/08\/LinkedIn-Logo.png\",\"width\":1250,\"height\":1250,\"caption\":\"Horizon&amp;Trajectoires\"},\"image\":{\"@id\":\"https:\/\/horizon-et-trajectoires.fr\/#\/schema\/logo\/image\/\"}}]}<\/script>\n<!-- \/ Yoast SEO plugin. -->","yoast_head_json":{"title":"POUR QUI ? - Horizon&amp;Trajectoires","robots":{"index":"index","follow":"follow","max-snippet":"max-snippet:-1","max-image-preview":"max-image-preview:large","max-video-preview":"max-video-preview:-1"},"canonical":"https:\/\/horizon-et-trajectoires.fr\/?page_id=221","og_locale":"fr_FR","og_type":"article","og_title":"POUR QUI ? - Horizon&amp;Trajectoires","og_description":"LE COACHING PROFESSIONNEL Le coaching individuel&nbsp; s&rsquo;adresse \u00e0 tout professionnel, dirigeant, manager et collaborateur d&rsquo;une entreprise ou d&rsquo;une institution confront\u00e9 \u00e0 des difficult\u00e9s qui emp\u00eachent la pleine expression de son potentiel. Le coaching d&rsquo;\u00e9quipe est destin\u00e9 aux collectifs de direction (comit\u00e9 de direction, \u00e9quipe de direction, \u00e9quipes de managers) et [&hellip;]","og_url":"https:\/\/horizon-et-trajectoires.fr\/?page_id=221","og_site_name":"Horizon&amp;Trajectoires","article_modified_time":"2023-10-07T11:07:32+00:00","twitter_card":"summary_large_image","twitter_misc":{"Dur\u00e9e de lecture estim\u00e9e":"2 minutes"},"schema":{"@context":"https:\/\/schema.org","@graph":[{"@type":"WebPage","@id":"https:\/\/horizon-et-trajectoires.fr\/?page_id=221","url":"https:\/\/horizon-et-trajectoires.fr\/?page_id=221","name":"POUR QUI ? - Horizon&amp;Trajectoires","isPartOf":{"@id":"https:\/\/horizon-et-trajectoires.fr\/#website"},"datePublished":"2023-08-19T15:04:26+00:00","dateModified":"2023-10-07T11:07:32+00:00","breadcrumb":{"@id":"https:\/\/horizon-et-trajectoires.fr\/?page_id=221#breadcrumb"},"inLanguage":"fr-FR","potentialAction":[{"@type":"ReadAction","target":["https:\/\/horizon-et-trajectoires.fr\/?page_id=221"]}]},{"@type":"BreadcrumbList","@id":"https:\/\/horizon-et-trajectoires.fr\/?page_id=221#breadcrumb","itemListElement":[{"@type":"ListItem","position":1,"name":"Accueil","item":"https:\/\/horizon-et-trajectoires.fr\/"},{"@type":"ListItem","position":2,"name":"POUR QUI ?"}]},{"@type":"WebSite","@id":"https:\/\/horizon-et-trajectoires.fr\/#website","url":"https:\/\/horizon-et-trajectoires.fr\/","name":"Horizon&amp;Trajectoires","description":"Bonjour, je m&#039;appelle Laurent MONTY, j&#039;exerce plusieurs m\u00e9tiers autour l&#039;accompagnement comme le coaching professionnel, le consulting et le management de transition.","publisher":{"@id":"https:\/\/horizon-et-trajectoires.fr\/#organization"},"potentialAction":[{"@type":"SearchAction","target":{"@type":"EntryPoint","urlTemplate":"https:\/\/horizon-et-trajectoires.fr\/?s={search_term_string}"},"query-input":"required name=search_term_string"}],"inLanguage":"fr-FR"},{"@type":"Organization","@id":"https:\/\/horizon-et-trajectoires.fr\/#organization","name":"Horizon&amp;Trajectoires","url":"https:\/\/horizon-et-trajectoires.fr\/","logo":{"@type":"ImageObject","inLanguage":"fr-FR","@id":"https:\/\/horizon-et-trajectoires.fr\/#\/schema\/logo\/image\/","url":"https:\/\/horizon-et-trajectoires.fr\/wp-content\/uploads\/2023\/08\/LinkedIn-Logo.png","contentUrl":"https:\/\/horizon-et-trajectoires.fr\/wp-content\/uploads\/2023\/08\/LinkedIn-Logo.png","width":1250,"height":1250,"caption":"Horizon&amp;Trajectoires"},"image":{"@id":"https:\/\/horizon-et-trajectoires.fr\/#\/schema\/logo\/image\/"}}]}},"_links":{"self":[{"href":"https:\/\/horizon-et-trajectoires.fr\/index.php?rest_route=\/wp\/v2\/pages\/221"}],"collection":[{"href":"https:\/\/horizon-et-trajectoires.fr\/index.php?rest_route=\/wp\/v2\/pages"}],"about":[{"href":"https:\/\/horizon-et-trajectoires.fr\/index.php?rest_route=\/wp\/v2\/types\/page"}],"author":[{"embeddable":true,"href":"https:\/\/horizon-et-trajectoires.fr\/index.php?rest_route=\/wp\/v2\/users\/2"}],"replies":[{"embeddable":true,"href":"https:\/\/horizon-et-trajectoires.fr\/index.php?rest_route=%2Fwp%2Fv2%2Fcomments&post=221"}],"version-history":[{"count":7,"href":"https:\/\/horizon-et-trajectoires.fr\/index.php?rest_route=\/wp\/v2\/pages\/221\/revisions"}],"predecessor-version":[{"id":375,"href":"https:\/\/horizon-et-trajectoires.fr\/index.php?rest_route=\/wp\/v2\/pages\/221\/revisions\/375"}],"wp:attachment":[{"href":"https:\/\/horizon-et-trajectoires.fr\/index.php?rest_route=%2Fwp%2Fv2%2Fmedia&parent=221"}],"curies":[{"name":"wp","href":"https:\/\/api.w.org\/{rel}","templated":true}]}}